{"id":2002,"date":"2021-05-12T14:59:24","date_gmt":"2021-05-12T14:59:24","guid":{"rendered":"http:\/\/emovim-ep.gob.ec\/?page_id=2002"},"modified":"2021-05-12T17:52:43","modified_gmt":"2021-05-12T17:52:43","slug":"ordenanzas-de-emovim-ep","status":"publish","type":"page","link":"https:\/\/www.act.gob.ec\/index.php\/ordenanzas-de-emovim-ep\/","title":{"rendered":"ORDENANZAS DE EMOVIM EP"},"content":{"rendered":"<div id=\"fb-root\"><\/div>\n<div id=\"comp-ivy8v0qv_NewsPostsView_i6rn81ck380_dup_i70h8xip179_dup_i7ek4o1k2_ivy8v0rs_NewsPosts_i6rn81ci379_1__0_0_0_0_fld_hfxs75de\" class=\"\" data-reactid=\".0.$SITE_ROOT.$desktop_siteRoot.$PAGES_CONTAINER.1.1.$SITE_PAGES.$jetim.1.$comp-ivy8v0qv.0.0.$child.$0.0.$0.$0.$child.$2.$2.$2\">\n<div id=\"comp-ivy8v0qv_NewsPostsView_i6rn81ck380_dup_i70h8xip179_dup_i7ek4o1k2_ivy8v0rs_NewsPosts_i6rn81ci379_1__0_0_0_0_fld_hfxs75de\" class=\" flex_vbox\" data-reactid=\".0.$SITE_ROOT.$desktop_siteRoot.$PAGES_CONTAINER.1.1.$SITE_PAGES.$jetim.1.$comp-ivy8v0qv.0.0.$child.$0.0.$0.$0.$child.$2.$2.$2.$0\">\n<div id=\"comp-ivy8v0qv_NewsPostsView_i6rn81ck380_dup_i70h8xip179_dup_i7ek4o1k2_ivy8v0rs_NewsPosts_i6rn81ci379_1__0_0_0_0_fld_hfxs75de_proxy\" class=\"s26\" data-reactid=\".0.$SITE_ROOT.$desktop_siteRoot.$PAGES_CONTAINER.1.1.$SITE_PAGES.$jetim.1.$comp-ivy8v0qv.0.0.$child.$0.0.$0.$0.$child.$2.$2.$2.$0.$0\">\n<p class=\"font_8\"><div id=\"accordions-2001\" class=\"accordions-2001 accordions\" data-accordions={&quot;lazyLoad&quot;:true,&quot;id&quot;:&quot;2001&quot;,&quot;event&quot;:&quot;click&quot;,&quot;collapsible&quot;:&quot;true&quot;,&quot;heightStyle&quot;:&quot;content&quot;,&quot;animateStyle&quot;:&quot;swing&quot;,&quot;animateDelay&quot;:1000,&quot;navigation&quot;:true,&quot;active&quot;:999,&quot;expandedOther&quot;:&quot;no&quot;}>\r\n                <div id=\"accordions-lazy-2001\" class=\"accordions-lazy\" accordionsId=\"2001\">\r\n                    <\/div>\r\n\r\n    <div class=\"items\"  style=\"display:none\" >\r\n    \r\n            <div post_id=\"2001\" itemcount=\"0\"  header_id=\"header-1686330975484\" id=\"header-1686330975484\" style=\"\" class=\"accordions-head head1686330975484 border-none\" toggle-text=\"\" main-text=\"ORDENANZAS 2023\">\r\n                                    <span id=\"accordion-icons-1686330975484\" class=\"accordion-icons\">\r\n                        <span class=\"accordion-icon-active accordion-plus\"><i class=\"fa fa-chevron-up\"><\/i><\/span>\r\n                        <span class=\"accordion-icon-inactive accordion-minus\"><i class=\"fa fa-chevron-down\"><\/i><\/span>\r\n                    <\/span>\r\n                    <span id=\"header-text-1686330975484\" class=\"accordions-head-title\">ORDENANZAS 2023<\/span>\r\n                            <\/div>\r\n            <div class=\"accordion-content content1686330975484 \">\r\n                <p><a href=\"https:\/\/milagro.gob.ec\/archivos\/pdf\/ordenanzas\/gadmm040-2023.pdf\"><strong>GADMM 40-2023 <\/strong>Ordenanza para la regulaci\u00f3n de la circulaci\u00f3n del transporte pesado, uso de la v\u00eda p\u00fablica en t\u00e9rminos de movilidad y estacionamiento.<\/a><\/p>\n<p><a href=\"https:\/\/milagro.gob.ec\/archivos\/pdf\/ordenanzas\/gadmm039-2023.pdf\"><strong>GADCM 39-2023<\/strong>Primera reforma a la Ordenanza que fija y regula la mejora en la prestaci\u00f3n de servicio de transporte p\u00fablico intracantonal urbano en el Cant\u00f3n San Francisco de Milagro.<\/a><\/p>\n<p><a href=\"https:\/\/milagro.gob.ec\/archivos\/pdf\/ordenanzas\/gadmm038-2023.pdf\"><strong>GADCM 38-2023<\/strong>Sexta reforma a la Ordenanza que  regula el servicio p\u00fablico de Revisi\u00f3n T\u00e9cnica Vehicular.<\/a><\/p>\n            <\/div>\r\n    \r\n            <div post_id=\"2001\" itemcount=\"1\"  header_id=\"header-1686328163737\" id=\"header-1686328163737\" style=\"\" class=\"accordions-head head1686328163737 border-none\" toggle-text=\"\" main-text=\"ORDENANZAS 2022\">\r\n                                    <span id=\"accordion-icons-1686328163737\" class=\"accordion-icons\">\r\n                        <span class=\"accordion-icon-active accordion-plus\"><i class=\"fa fa-chevron-up\"><\/i><\/span>\r\n                        <span class=\"accordion-icon-inactive accordion-minus\"><i class=\"fa fa-chevron-down\"><\/i><\/span>\r\n                    <\/span>\r\n                    <span id=\"header-text-1686328163737\" class=\"accordions-head-title\">ORDENANZAS 2022<\/span>\r\n                            <\/div>\r\n            <div class=\"accordion-content content1686328163737 \">\r\n                <p><a href=\"https:\/\/milagro.gob.ec\/archivos\/pdf\/ordenanzas\/gadmm030-2022.pdf\"><strong>GADCM 2022 30 -<\/strong>Ordenanza que regula el funcionamiento y administraci\u00f3n de la terminal terrestre de la ciudad de Milagro y el centro de negocios.<\/a><\/p>\n<p><a href=\"https:\/\/milagro.gob.ec\/archivos\/pdf\/ordenanzas\/gadmm034-2022.pdf\"><strong>GADCM 2022 34 -<\/strong>Ordenanza para la promoci\u00f3n de la seguridad vial como eje estructurador de la movilidad dentro del Cant\u00f3n San Francisco de Milagro.<\/a><\/p>\n            <\/div>\r\n    \r\n            <div post_id=\"2001\" itemcount=\"2\"  header_id=\"header-1620833289542\" id=\"header-1620833289542\" style=\"\" class=\"accordions-head head1620833289542 border-none\" toggle-text=\"\" main-text=\"ORDENANZAS 2021\">\r\n                                    <span id=\"accordion-icons-1620833289542\" class=\"accordion-icons\">\r\n                        <span class=\"accordion-icon-active accordion-plus\"><i class=\"fa fa-chevron-up\"><\/i><\/span>\r\n                        <span class=\"accordion-icon-inactive accordion-minus\"><i class=\"fa fa-chevron-down\"><\/i><\/span>\r\n                    <\/span>\r\n                    <span id=\"header-text-1620833289542\" class=\"accordions-head-title\">ORDENANZAS 2021<\/span>\r\n                            <\/div>\r\n            <div class=\"accordion-content content1620833289542 \">\r\n                <p><a href=\"https:\/\/milagro.gob.ec\/wp-content\/uploads\/2021\/04\/gadmm023-201.pdf\"><strong>GADCM 2021 23 -<\/strong>Ordenanza que fija y mejora el servicio de transporte p\u00fablico.<\/a><\/p>\n<p><a href=\"https:\/\/milagro.gob.ec\/wp-content\/uploads\/2021\/04\/gadmm022-201.pdf\"><strong>GADCM 2021 22 -<\/strong> Quinta Reforma a la Ordenanza que regula el servicio p\u00fablico de Revisi\u00f3n T\u00e9cnica Vehicular, Matriculaci\u00f3n, Registro de la Propiedad Vehicular y Ventanilla \u00danica.<\/a><\/p>\n<p><a href=\"https:\/\/drive.google.com\/file\/d\/1KsF8oCTOmME4uNjfreaYAfjJ1GouRcsI\/view?usp=sharing\"><strong>GADCM 2021 21 -<\/strong> Ordenanza que regula la explotaci\u00f3n comercial de los locales del Terminal Terrestre<\/a><\/p>\n<p><a href=\"https:\/\/drive.google.com\/file\/d\/1eYrrkyVhYQ0vCXnly5RgObocVR1ai9Mt\/view?usp=sharing\"><strong>GADCM 2021 20 -<\/strong> Ordenanza que regula la administraci\u00f3n del Terminal Terrestre<\/a><\/p>\n<p><a href=\"https:\/\/milagro.gob.ec\/wp-content\/uploads\/2021\/04\/gadmm018-2021.pdf\"><strong>GADCM 2021 18 -<\/strong> Reforma a la Ordenanzas de Constituci\u00f3n, Organizaci\u00f3n y Funcionamiento de la Empresa P\u00fablica de Movilidad, Tr\u00e1nsito y Transporte de Milagro, Emovim - Ep<\/a><\/p>\n<p><a href=\"https:\/\/milagro.gob.ec\/wp-content\/uploads\/2021\/04\/gadmm017-2021.pdf\"><strong>GADMM 2021 17 -<\/strong> Reforma a la Ordenanza que regula el servicio p\u00fablico de Revisi\u00f3n T\u00e9cnica Vehicular, Matriculaci\u00f3n, Registro de la Propiedad Vehicular y Ventanilla \u00danica\u00a0<\/a><\/p>\n            <\/div>\r\n    \r\n            <div post_id=\"2001\" itemcount=\"3\"  header_id=\"header-1620833219776\" id=\"header-1620833219776\" style=\"\" class=\"accordions-head head1620833219776 border-none\" toggle-text=\"\" main-text=\"ORDENANZAS 2020\">\r\n                                    <span id=\"accordion-icons-1620833219776\" class=\"accordion-icons\">\r\n                        <span class=\"accordion-icon-active accordion-plus\"><i class=\"fa fa-chevron-up\"><\/i><\/span>\r\n                        <span class=\"accordion-icon-inactive accordion-minus\"><i class=\"fa fa-chevron-down\"><\/i><\/span>\r\n                    <\/span>\r\n                    <span id=\"header-text-1620833219776\" class=\"accordions-head-title\">ORDENANZAS 2020<\/span>\r\n                            <\/div>\r\n            <div class=\"accordion-content content1620833219776 \">\r\n                <p><a href=\"https:\/\/milagro.gob.ec\/wp-content\/uploads\/2020\/06\/gadmm014-2020.pdf\"><strong>GADMM 2020 14 -<\/strong> Reforma a la Ordenanza que regula, norma el uso y el control de la circulaci\u00f3n de motocicletas, motonetas, ciclomotores, tricar, cuadrimotos, y similares en las v\u00edas de la jurisdicci\u00f3n del Cant\u00f3n San Francisco de Milagro<\/a><\/p>\n            <\/div>\r\n    \r\n            <div post_id=\"2001\" itemcount=\"4\"  header_id=\"header-1620833208415\" id=\"header-1620833208415\" style=\"\" class=\"accordions-head head1620833208415 border-none\" toggle-text=\"\" main-text=\"ORDENANZAS 2019\">\r\n                                    <span id=\"accordion-icons-1620833208415\" class=\"accordion-icons\">\r\n                        <span class=\"accordion-icon-active accordion-plus\"><i class=\"fa fa-chevron-up\"><\/i><\/span>\r\n                        <span class=\"accordion-icon-inactive accordion-minus\"><i class=\"fa fa-chevron-down\"><\/i><\/span>\r\n                    <\/span>\r\n                    <span id=\"header-text-1620833208415\" class=\"accordions-head-title\">ORDENANZAS 2019<\/span>\r\n                            <\/div>\r\n            <div class=\"accordion-content content1620833208415 \">\r\n                <p><a href=\"https:\/\/milagro.gob.ec\/wp-content\/uploads\/2019\/10\/gadmm005-2019.pdf\"><strong>GADMM 2019 05 -<\/strong> Ordenanza que regula, norma el uso y el control de la circulaci\u00f3n de motocicletas, motonetas, ciclomotores, tricar, cuadrimotos, y similares en las v\u00edas de la jurisdicci\u00f3n del Cant\u00f3n San Francisco de Milagro<\/a><\/p>\n<p><a href=\"https:\/\/milagro.gob.ec\/wp-content\/uploads\/2019\/07\/gadmm002-2019.pdf\"><strong>GADMM 2019 02 -<\/strong> Reforma a la Ordenanza de Constituci\u00f3n, Organizaci\u00f3n y Funcionamiento de la Empresa P\u00fablica Municipal de Movilidad, Tr\u00e1nsito y Transporte de Milagro, Emovim Ep<\/a><\/p>\n            <\/div>\r\n    \r\n            <div post_id=\"2001\" itemcount=\"5\"  header_id=\"header-1620833193783\" id=\"header-1620833193783\" style=\"\" class=\"accordions-head head1620833193783 border-none\" toggle-text=\"\" main-text=\"ORDENANZAS 2018\">\r\n                                    <span id=\"accordion-icons-1620833193783\" class=\"accordion-icons\">\r\n                        <span class=\"accordion-icon-active accordion-plus\"><i class=\"fa fa-chevron-up\"><\/i><\/span>\r\n                        <span class=\"accordion-icon-inactive accordion-minus\"><i class=\"fa fa-chevron-down\"><\/i><\/span>\r\n                    <\/span>\r\n                    <span id=\"header-text-1620833193783\" class=\"accordions-head-title\">ORDENANZAS 2018<\/span>\r\n                            <\/div>\r\n            <div class=\"accordion-content content1620833193783 \">\r\n                <p><a href=\"https:\/\/milagro.gob.ec\/wp-content\/uploads\/2018\/09\/gadmm502018.pdf\"><strong>GADMM 2018 50 -<\/strong> Reforma a la Ordenanza de Constituci\u00f3n, Organizaci\u00f3n y Funcionamiento de la Empresa P\u00fablica Municipal de Movilidad, Tr\u00e1nsito y Transporte de Milagro, Emovim Ep<\/a><\/p>\n<p><a href=\"https:\/\/milagro.gob.ec\/wp-content\/uploads\/2018\/10\/gadmm492018.pdf\"><strong>GADMM 2018 49 -<\/strong> Ordenanza que norma el Impuesto a los veh\u00edculos del Cant\u00f3n San Francisco de Milagro<\/a><\/p>\n            <\/div>\r\n    \r\n            <div post_id=\"2001\" itemcount=\"6\"  header_id=\"header-1620833180910\" id=\"header-1620833180910\" style=\"\" class=\"accordions-head head1620833180910 border-none\" toggle-text=\"\" main-text=\"ORDENANZAS 2017\">\r\n                                    <span id=\"accordion-icons-1620833180910\" class=\"accordion-icons\">\r\n                        <span class=\"accordion-icon-active accordion-plus\"><i class=\"fa fa-chevron-up\"><\/i><\/span>\r\n                        <span class=\"accordion-icon-inactive accordion-minus\"><i class=\"fa fa-chevron-down\"><\/i><\/span>\r\n                    <\/span>\r\n                    <span id=\"header-text-1620833180910\" class=\"accordions-head-title\">ORDENANZAS 2017<\/span>\r\n                            <\/div>\r\n            <div class=\"accordion-content content1620833180910 \">\r\n                <p>NO PRESENTA ORDENANZAS<\/p>\n            <\/div>\r\n    \r\n            <div post_id=\"2001\" itemcount=\"7\"  header_id=\"header-1620833157423\" id=\"header-1620833157423\" style=\"\" class=\"accordions-head head1620833157423 border-none\" toggle-text=\"\" main-text=\"ORDENANZAS 2016\">\r\n                                    <span id=\"accordion-icons-1620833157423\" class=\"accordion-icons\">\r\n                        <span class=\"accordion-icon-active accordion-plus\"><i class=\"fa fa-chevron-up\"><\/i><\/span>\r\n                        <span class=\"accordion-icon-inactive accordion-minus\"><i class=\"fa fa-chevron-down\"><\/i><\/span>\r\n                    <\/span>\r\n                    <span id=\"header-text-1620833157423\" class=\"accordions-head-title\">ORDENANZAS 2016<\/span>\r\n                            <\/div>\r\n            <div class=\"accordion-content content1620833157423 \">\r\n                <p><a href=\"https:\/\/milagro.gob.ec\/wp-content\/uploads\/2016\/10\/gadmm252016.pdf\"><strong>GADMM 2016 25 -<\/strong> Reforma a la Ordenanza de Constituci\u00f3n, Organizaci\u00f3n y Funcionamiento de la Empresa P\u00fablica Municipal de Movilidad, Tr\u00e1nsito y Transporte de Milagro, Emovim Ep<\/a><\/p>\n<p><a href=\"https:\/\/milagro.gob.ec\/wp-content\/uploads\/2016\/10\/gadmm262016.pdf\"><strong>GADMM 2016 26 -<\/strong> Reforma a la Ordenanza que regula el servicio p\u00fablico de Revisi\u00f3n T\u00e9cnica Vehicular, Matriculaci\u00f3n, Registro de la Propiedad Vehicular y Ventanilla \u00danica\u00a0<\/a><\/p>\n            <\/div>\r\n    \r\n            <div post_id=\"2001\" itemcount=\"8\"  header_id=\"header-0\" id=\"header-0\" style=\"\" class=\"accordions-head head0 border-none\" toggle-text=\"\" main-text=\"ORDENANZAS 2015\">\r\n                                    <span id=\"accordion-icons-0\" class=\"accordion-icons\">\r\n                        <span class=\"accordion-icon-active accordion-plus\"><i class=\"fa fa-chevron-up\"><\/i><\/span>\r\n                        <span class=\"accordion-icon-inactive accordion-minus\"><i class=\"fa fa-chevron-down\"><\/i><\/span>\r\n                    <\/span>\r\n                    <span id=\"header-text-0\" class=\"accordions-head-title\">ORDENANZAS 2015<\/span>\r\n                            <\/div>\r\n            <div class=\"accordion-content content0 \">\r\n                <p><a href=\"https:\/\/www.milagro.gob.ec\/archivos\/pdf\/lotaip\/literals\/09-2015-ordenanza.pdf\"><strong>GADCM 2015 09 -<\/strong> Ordenanzas de Constituci\u00f3n, Organizaci\u00f3n y Funcionamiento de la Empresa P\u00fablica de Movilidad, Tr\u00e1nsito y Transporte de Milagro, Emovim - Ep<\/a><\/p>\n<p><a href=\"https:\/\/www.milagro.gob.ec\/wp-content\/uploads\/2015\/07\/movilidad.pdf\"><strong>GADCM 2015 11 -<\/strong> Ordenanza que regula el servicio p\u00fablico de Revisi\u00f3n T\u00e9cnica Vehicular, Matriculaci\u00f3n, Registro de la Propiedad Vehicular y Ventanilla \u00danica de tr\u00e1mites de movilidad en el Cant\u00f3n San Francisco de Milagro.<\/a><\/p>\n            <\/div>\r\n    <\/div>\r\n\r\n\r\n\r\n            <\/div>\n<\/div>\n<\/div>\n<\/div>\n<p>&nbsp;<\/p>\n","protected":false},"excerpt":{"rendered":"<p>&nbsp;<\/p>\n","protected":false},"author":1,"featured_media":0,"parent":0,"menu_order":0,"comment_status":"closed","ping_status":"closed","template":"","meta":{"_joinchat":[],"footnotes":""},"class_list":["post-2002","page","type-page","status-publish","hentry"],"jetpack_sharing_enabled":true,"_links":{"self":[{"href":"https:\/\/www.act.gob.ec\/index.php\/wp-json\/wp\/v2\/pages\/2002","targetHints":{"allow":["GET"]}}],"collection":[{"href":"https:\/\/www.act.gob.ec\/index.php\/wp-json\/wp\/v2\/pages"}],"about":[{"href":"https:\/\/www.act.gob.ec\/index.php\/wp-json\/wp\/v2\/types\/page"}],"author":[{"embeddable":true,"href":"https:\/\/www.act.gob.ec\/index.php\/wp-json\/wp\/v2\/users\/1"}],"replies":[{"embeddable":true,"href":"https:\/\/www.act.gob.ec\/index.php\/wp-json\/wp\/v2\/comments?post=2002"}],"version-history":[{"count":3,"href":"https:\/\/www.act.gob.ec\/index.php\/wp-json\/wp\/v2\/pages\/2002\/revisions"}],"predecessor-version":[{"id":2006,"href":"https:\/\/www.act.gob.ec\/index.php\/wp-json\/wp\/v2\/pages\/2002\/revisions\/2006"}],"wp:attachment":[{"href":"https:\/\/www.act.gob.ec\/index.php\/wp-json\/wp\/v2\/media?parent=2002"}],"curies":[{"name":"wp","href":"https:\/\/api.w.org\/{rel}","templated":true}]}}