{"id":2023,"date":"2021-05-26T19:47:38","date_gmt":"2021-05-26T19:47:38","guid":{"rendered":"http:\/\/emovim-ep.gob.ec\/?page_id=2023"},"modified":"2021-07-21T16:54:34","modified_gmt":"2021-07-21T21:54:34","slug":"rc2020","status":"publish","type":"page","link":"https:\/\/www.act.gob.ec\/index.php\/rc2020\/","title":{"rendered":"Rendici\u00f3n de Cuentas 2020"},"content":{"rendered":"<div id=\"fb-root\"><\/div>\n<p>Fase 1<\/p>\n<ul>\n<li><a href=\"https:\/\/drive.google.com\/file\/d\/1TMBZ9EXF1v1azRln8DBumURH8LlwU4ZF\/view?usp=sharing\">Conformaci\u00f3n del equipo de Rendici\u00f3n de Cuentas.<\/a><\/li>\n<li>Documentos p\u00fablicos para el proceso de Rendici\u00f3n de Cuentas.\n<ul>\n<li><a href=\"https:\/\/drive.google.com\/file\/d\/1Z0wbyH89MExwhbD6wyhSvaSgK99zDvnv\/view?usp=sharing\">POA Institucional.<\/a><\/li>\n<li><a href=\"https:\/\/drive.google.com\/file\/d\/16dlxK55Kxx5_d-jumIdmBicmwV3DjBQg\/view?usp=sharing\">Plan de Desarrollo y Ordenamiento Institucional.<\/a><\/li>\n<li><a href=\"https:\/\/drive.google.com\/file\/d\/14cvNm823zTbf5dRRpUhNEJtk1oPd1qhA\/view?usp=sharing\">Presupuesto Institucional.<\/a><\/li>\n<\/ul>\n<\/li>\n<li><a href=\"https:\/\/drive.google.com\/file\/d\/1WM1uYLYi6v3LBqMKNAhLbrKwnJrZbt68\/view?usp=sharing\">Env\u00edo a la ciudadan\u00eda sobre el proceso de Rendici\u00f3n de Cuentas.<\/a><\/li>\n<li><a href=\"https:\/\/drive.google.com\/file\/d\/1oquLNYRQ7FtIJ_S0hwcJpuY722IAdL_a\/view?usp=sharing\">Temas solicitados por la Ciudadan\u00eda sobre el proceso de Rendici\u00f3n de Cuentas.<\/a><\/li>\n<\/ul>\n<p>Fase 2<\/p>\n<ul>\n<li><a href=\"https:\/\/drive.google.com\/file\/d\/1lHBI4LMeZONDer_lI4mm2aZiNrjp0ePD\/view?usp=sharing\">Temas respondidos a la Ciudadan\u00eda.<\/a><\/li>\n<li><a href=\"https:\/\/drive.google.com\/file\/d\/15jyAOqohPew-4qMDfFwoo0z9Zb9av__L\/view?usp=sharing\">Llenado del Formulario del Informe de Rendici\u00f3n de Cuentas establecido por el CPCCS<\/a><\/li>\n<li><a href=\"https:\/\/drive.google.com\/file\/d\/15jJQ7yfTqgbQbynXW2v8rA2CNf89YeuK\/view?usp=sharing\">Redacci\u00f3n del Informe de Rendici\u00f3n de Cuentas.<\/a><\/li>\n<li><a href=\"https:\/\/drive.google.com\/file\/d\/1jdTzvg5BlcRv6MryZ8TQfK25sfSs9jNZ\/view?usp=sharing\">Aprobaci\u00f3n del Informe de Rendici\u00f3n de Cuentas.<\/a><\/li>\n<\/ul>\n<p>Fase 3<\/p>\n<ul>\n<li><a href=\"https:\/\/drive.google.com\/file\/d\/1qWdX827DOy4H5JDtYfRQ9s9YdL-C_Yt0\/view?usp=sharing\">Difusi\u00f3n del Informe de Rendici\u00f3n de Cuentas a trav\u00e9s de distintos medios<\/a><\/li>\n<li><a href=\"https:\/\/drive.google.com\/file\/d\/1Zud7DOpX2iajD0c_nrYS8l9R4t4WSXBS\/view?usp=sharing\">Planificaci\u00f3n del evento participativo<\/a><\/li>\n<li><a href=\"https:\/\/www.facebook.com\/100051798073643\/videos\/335437894859477\/\">Realizaci\u00f3n del evento de Rendici\u00f3n de Cuentas<\/a><\/li>\n<li><a href=\"https:\/\/drive.google.com\/file\/d\/1w8yoUB653hI1L9F-5dEvaWno3ui4itlM\/view?usp=sharing\">Incorporaci\u00f3n de los aportes ciudadanos en el Informe de Rendici\u00f3n de Cuentas<\/a><\/li>\n<\/ul>\n<p>Fase 4<\/p>\n<ul>\n<li><a href=\"https:\/\/drive.google.com\/file\/d\/1jFKtfczl0gU1x6KtayS0i31XAUwOy-80\/view?usp=sharing\">Entrega del informe de Rendici\u00f3n de Cuentas al CPCCS, a trav\u00e9s del ingreso del Informe en el sistema<\/a><\/li>\n<\/ul>\n","protected":false},"excerpt":{"rendered":"<p>Fase 1 Conformaci\u00f3n del equipo de Rendici\u00f3n de Cuentas. Documentos p\u00fablicos para el proceso de Rendici\u00f3n de Cuentas. POA Institucional. Plan de Desarrollo y Ordenamiento Institucional. Presupuesto Institucional. Env\u00edo a la ciudadan\u00eda sobre el proceso de Rendici\u00f3n de Cuentas. Temas solicitados por la Ciudadan\u00eda sobre el proceso de Rendici\u00f3n de Cuentas. Fase 2 Temas respondidos&#8230; <\/p>\n","protected":false},"author":1,"featured_media":0,"parent":0,"menu_order":0,"comment_status":"closed","ping_status":"closed","template":"","meta":{"_joinchat":[],"footnotes":""},"class_list":["post-2023","page","type-page","status-publish","hentry"],"jetpack_sharing_enabled":true,"_links":{"self":[{"href":"https:\/\/www.act.gob.ec\/index.php\/wp-json\/wp\/v2\/pages\/2023","targetHints":{"allow":["GET"]}}],"collection":[{"href":"https:\/\/www.act.gob.ec\/index.php\/wp-json\/wp\/v2\/pages"}],"about":[{"href":"https:\/\/www.act.gob.ec\/index.php\/wp-json\/wp\/v2\/types\/page"}],"author":[{"embeddable":true,"href":"https:\/\/www.act.gob.ec\/index.php\/wp-json\/wp\/v2\/users\/1"}],"replies":[{"embeddable":true,"href":"https:\/\/www.act.gob.ec\/index.php\/wp-json\/wp\/v2\/comments?post=2023"}],"version-history":[{"count":15,"href":"https:\/\/www.act.gob.ec\/index.php\/wp-json\/wp\/v2\/pages\/2023\/revisions"}],"predecessor-version":[{"id":2099,"href":"https:\/\/www.act.gob.ec\/index.php\/wp-json\/wp\/v2\/pages\/2023\/revisions\/2099"}],"wp:attachment":[{"href":"https:\/\/www.act.gob.ec\/index.php\/wp-json\/wp\/v2\/media?parent=2023"}],"curies":[{"name":"wp","href":"https:\/\/api.w.org\/{rel}","templated":true}]}}