{"id":2294,"date":"2022-06-10T11:35:39","date_gmt":"2022-06-10T16:35:39","guid":{"rendered":"http:\/\/emovim-ep.gob.ec\/?page_id=2294"},"modified":"2022-06-10T11:35:39","modified_gmt":"2022-06-10T16:35:39","slug":"rendicion-de-cuentas-2019","status":"publish","type":"page","link":"https:\/\/www.act.gob.ec\/index.php\/rendicion-de-cuentas-2019\/","title":{"rendered":"Rendici\u00f3n de cuentas 2019"},"content":{"rendered":"<div id=\"fb-root\"><\/div>\n<ul>\n<li><a href=\"https:\/\/fb.watch\/1yqeoOPLB-\/\">Realizaci\u00f3n del evento de Rendici\u00f3n de Cuentas<\/a><\/li>\n<li><a href=\"https:\/\/drive.google.com\/file\/d\/1r4WRYJNneBjbZyoe8A3oiVtStSzvuH8Q\/view?usp=sharing\">Entrega del informe de Rendici\u00f3n de Cuentas al CPCCS, a trav\u00e9s del ingreso del Informe en el sistema<\/a><\/li>\n<\/ul>\n","protected":false},"excerpt":{"rendered":"<p>Realizaci\u00f3n del evento de Rendici\u00f3n de Cuentas Entrega del informe de Rendici\u00f3n de Cuentas al CPCCS, a trav\u00e9s del ingreso del Informe en el sistema<\/p>\n","protected":false},"author":1,"featured_media":0,"parent":0,"menu_order":0,"comment_status":"closed","ping_status":"closed","template":"","meta":{"_joinchat":[],"footnotes":""},"class_list":["post-2294","page","type-page","status-publish","hentry"],"jetpack_sharing_enabled":true,"_links":{"self":[{"href":"https:\/\/www.act.gob.ec\/index.php\/wp-json\/wp\/v2\/pages\/2294","targetHints":{"allow":["GET"]}}],"collection":[{"href":"https:\/\/www.act.gob.ec\/index.php\/wp-json\/wp\/v2\/pages"}],"about":[{"href":"https:\/\/www.act.gob.ec\/index.php\/wp-json\/wp\/v2\/types\/page"}],"author":[{"embeddable":true,"href":"https:\/\/www.act.gob.ec\/index.php\/wp-json\/wp\/v2\/users\/1"}],"replies":[{"embeddable":true,"href":"https:\/\/www.act.gob.ec\/index.php\/wp-json\/wp\/v2\/comments?post=2294"}],"version-history":[{"count":1,"href":"https:\/\/www.act.gob.ec\/index.php\/wp-json\/wp\/v2\/pages\/2294\/revisions"}],"predecessor-version":[{"id":2295,"href":"https:\/\/www.act.gob.ec\/index.php\/wp-json\/wp\/v2\/pages\/2294\/revisions\/2295"}],"wp:attachment":[{"href":"https:\/\/www.act.gob.ec\/index.php\/wp-json\/wp\/v2\/media?parent=2294"}],"curies":[{"name":"wp","href":"https:\/\/api.w.org\/{rel}","templated":true}]}}