{"id":2498,"date":"2023-05-17T12:21:14","date_gmt":"2023-05-17T17:21:14","guid":{"rendered":"http:\/\/emovim-ep.gob.ec\/?page_id=2498"},"modified":"2024-04-01T09:39:55","modified_gmt":"2024-04-01T14:39:55","slug":"rendicion-de-cuentas-2022","status":"publish","type":"page","link":"https:\/\/www.act.gob.ec\/index.php\/rendicion-de-cuentas-2022\/","title":{"rendered":"Rendici\u00f3n de cuentas 2022"},"content":{"rendered":"<div id=\"fb-root\"><\/div>\n<p>Fase 1<\/p>\n<ul>\n<li><a href=\"https:\/\/www.act.gob.ec\/transparencia\/rc2022\/equipo_rc2022.pdf\">Conformaci\u00f3n del equipo de Rendici\u00f3n de Cuentas<\/a>.<\/li>\n<li>Documentos p\u00fablicos para el proceso de Rendici\u00f3n de Cuentas.\n<ul>\n<li><a href=\"https:\/\/www.act.gob.ec\/transparencia\/rc2022\/POA_2022.pdf\">POA Institucional<\/a>.<\/li>\n<li><a href=\"https:\/\/drive.google.com\/file\/d\/16dlxK55Kxx5_d-jumIdmBicmwV3DjBQg\/view?usp=sharing\">Plan de Desarrollo y Ordenamiento Institucional.<\/a><\/li>\n<li><a href=\"https:\/\/www.act.gob.ec\/transparencia\/rc2022\/presupuesto_institucional.pdf\">Presupuesto Institucional.<\/a><\/li>\n<li><a href=\"https:\/\/www.act.gob.ec\/transparencia\/rc2022\/Certificado_Cumplimiento_Tributario.pdf\">Certificado de Cumplimiento Tributario<\/a>.<\/li>\n<li><a href=\"https:\/\/www.act.gob.ec\/transparencia\/rc2022\/certificado_empresa_ruc.pdf\">Certificado de obligaciones patronales.<\/a><\/li>\n<\/ul>\n<\/li>\n<li><a href=\"https:\/\/www.act.gob.ec\/transparencia\/rc2022\/envio_ciudadania_rc2022.pdf\">Env\u00edo a la ciudadan\u00eda sobre el proceso de Rendici\u00f3n de Cuentas.<\/a><\/li>\n<li><a href=\"https:\/\/www.act.gob.ec\/transparencia\/rc2022\/PREGUNTAS_TEMAS_LACIUDADANIA.pdf\">Temas solicitados por la Ciudadan\u00eda sobre el proceso de Rendici\u00f3n de Cuentas.<\/a><\/li>\n<\/ul>\n<p>Fase 2<\/p>\n<ul>\n<li><a href=\"https:\/\/www.act.gob.ec\/transparencia\/rc2022\/respuestas_rc2022.pdf\">Temas respondidos a la Ciudadan\u00eda.<\/a><\/li>\n<li><a href=\"https:\/\/www.act.gob.ec\/transparencia\/2023\/EMPRESAS-PUBLICAS-GADS.pdf\">Llenado del Formulario del Informe de Rendici\u00f3n de Cuentas establecido por el CPCCS<\/a><\/li>\n<li><a href=\"https:\/\/www.act.gob.ec\/transparencia\/rc2022\/Informe_rc2022.pdf\">Redacci\u00f3n del Informe de Rendici\u00f3n de Cuentas<\/a>.<\/li>\n<li><a href=\"https:\/\/www.act.gob.ec\/transparencia\/rc2022\/AUTORIZACION_INFORMEsigned.pdf\">Aprobaci\u00f3n del Informe de Rendici\u00f3n de Cuentas.<\/a><\/li>\n<\/ul>\n<p>Fase 3<\/p>\n<ul>\n<li><a href=\"https:\/\/fb.watch\/kxh49H_9cv\/?mibextid=Nif5oz\">Realizaci\u00f3n del evento de Rendici\u00f3n de Cuentas<\/a><\/li>\n<\/ul>\n<p>Fase 4<\/p>\n<ul>\n<li><a href=\"https:\/\/www.act.gob.ec\/transparencia\/2023\/EmpresasGad2022.pdf\">Entrega del informe de Rendici\u00f3n de Cuentas al CPCCS, a trav\u00e9s del ingreso del Informe en el sistema<\/a><\/li>\n<\/ul \n\n","protected":false},"excerpt":{"rendered":"<p>Fase 1 Conformaci\u00f3n del equipo de Rendici\u00f3n de Cuentas. Documentos p\u00fablicos para el proceso de Rendici\u00f3n de Cuentas. POA Institucional. Plan de Desarrollo y Ordenamiento Institucional. Presupuesto Institucional. Certificado de Cumplimiento Tributario. Certificado de obligaciones patronales. Env\u00edo a la ciudadan\u00eda sobre el proceso de Rendici\u00f3n de Cuentas. Temas solicitados por la Ciudadan\u00eda sobre el proceso&#8230; <\/p>\n","protected":false},"author":1,"featured_media":0,"parent":0,"menu_order":0,"comment_status":"closed","ping_status":"closed","template":"","meta":{"_joinchat":[],"footnotes":""},"class_list":["post-2498","page","type-page","status-publish","hentry"],"jetpack_sharing_enabled":true,"_links":{"self":[{"href":"https:\/\/www.act.gob.ec\/index.php\/wp-json\/wp\/v2\/pages\/2498","targetHints":{"allow":["GET"]}}],"collection":[{"href":"https:\/\/www.act.gob.ec\/index.php\/wp-json\/wp\/v2\/pages"}],"about":[{"href":"https:\/\/www.act.gob.ec\/index.php\/wp-json\/wp\/v2\/types\/page"}],"author":[{"embeddable":true,"href":"https:\/\/www.act.gob.ec\/index.php\/wp-json\/wp\/v2\/users\/1"}],"replies":[{"embeddable":true,"href":"https:\/\/www.act.gob.ec\/index.php\/wp-json\/wp\/v2\/comments?post=2498"}],"version-history":[{"count":8,"href":"https:\/\/www.act.gob.ec\/index.php\/wp-json\/wp\/v2\/pages\/2498\/revisions"}],"predecessor-version":[{"id":2841,"href":"https:\/\/www.act.gob.ec\/index.php\/wp-json\/wp\/v2\/pages\/2498\/revisions\/2841"}],"wp:attachment":[{"href":"https:\/\/www.act.gob.ec\/index.php\/wp-json\/wp\/v2\/media?parent=2498"}],"curies":[{"name":"wp","href":"https:\/\/api.w.org\/{rel}","templated":true}]}}