{"id":2831,"date":"2024-03-28T15:54:11","date_gmt":"2024-03-28T20:54:11","guid":{"rendered":"https:\/\/www.act.gob.ec\/?page_id=2831"},"modified":"2024-03-28T15:54:11","modified_gmt":"2024-03-28T20:54:11","slug":"segunda-subasta-de-locales-del-terminal-terrestre-de-milagro","status":"publish","type":"page","link":"https:\/\/www.act.gob.ec\/index.php\/segunda-subasta-de-locales-del-terminal-terrestre-de-milagro\/","title":{"rendered":"SEGUNDA SUBASTA DE LOCALES DEL TERMINAL TERRESTRE DE MILAGRO"},"content":{"rendered":"<div id=\"fb-root\"><\/div>\n<p class=\"sign\" style=\"text-align: center;\"><span style=\"color: #000080; font-size: 18pt; font-family: 'arial black', sans-serif;\"><strong>GOBIERNO AUT\u00d3NOMO DESCENTRALIZADO MUNICIPAL DE SAN FRANCISCO DE MILAGRO<\/strong><\/span><\/p>\n<p class=\"sign\" style=\"text-align: center;\"><span style=\"color: #000080; font-size: 18pt; font-family: 'arial black', sans-serif;\"><strong>EMPRESA P\u00daBLICA MUNICIPAL DE MOVILIDAD, TR\u00c1NSITO Y TRANSPORTE TERRESTRE DE MILAGRO, EMOVIM &#8211; EP.<\/strong><\/span><\/p>\n<p class=\"sign\" style=\"text-align: center;\"><span style=\"color: #000080; font-size: 18pt; font-family: 'arial black', sans-serif;\"><strong>BASES PARA SUBASTA DE LOCALES Nro. ACT MILAGRO-CV-002-2024<\/strong><\/span><\/p>\n<p><img loading=\"lazy\" decoding=\"async\" class=\"alignnone size-full wp-image-2713\" src=\"https:\/\/www.act.gob.ec\/wp-content\/uploads\/2023\/10\/WhatsApp-Image-2023-10-18-at-1.06.01-PM.jpeg\" alt=\"\" width=\"1600\" height=\"669\" srcset=\"https:\/\/www.act.gob.ec\/wp-content\/uploads\/2023\/10\/WhatsApp-Image-2023-10-18-at-1.06.01-PM.jpeg 1600w, https:\/\/www.act.gob.ec\/wp-content\/uploads\/2023\/10\/WhatsApp-Image-2023-10-18-at-1.06.01-PM-300x125.jpeg 300w, https:\/\/www.act.gob.ec\/wp-content\/uploads\/2023\/10\/WhatsApp-Image-2023-10-18-at-1.06.01-PM-1024x428.jpeg 1024w, https:\/\/www.act.gob.ec\/wp-content\/uploads\/2023\/10\/WhatsApp-Image-2023-10-18-at-1.06.01-PM-768x321.jpeg 768w, https:\/\/www.act.gob.ec\/wp-content\/uploads\/2023\/10\/WhatsApp-Image-2023-10-18-at-1.06.01-PM-1536x642.jpeg 1536w, https:\/\/www.act.gob.ec\/wp-content\/uploads\/2023\/10\/WhatsApp-Image-2023-10-18-at-1.06.01-PM-1320x552.jpeg 1320w, https:\/\/www.act.gob.ec\/wp-content\/uploads\/2023\/10\/WhatsApp-Image-2023-10-18-at-1.06.01-PM-600x251.jpeg 600w\" sizes=\"auto, (max-width: 1600px) 100vw, 1600px\" \/><\/p>\n<p class=\"sign\" style=\"text-align: center;\"><span style=\"font-family: 'arial black', sans-serif;\"><strong><span style=\"font-size: 14pt;\">CONVOCATORIA<\/span><\/strong><\/span><\/p>\n<p>El Comit\u00e9 de Subasta de la EMOVIM-EP, de conformidad con lo establecido en el Art. 43 de la ordenanza GADMM # 30-22, realiza la convocatoria a todas las personas naturales y jur\u00eddicas, interesadas en la explotaci\u00f3n de los Locales Comerciales de la Nueva Terminal Terrestre y el Centro de Negocios del Cant\u00f3n San Francisco de Milagro, cuyas bases para la subasta se encuentran a disposici\u00f3n de los interesados, en la p\u00e1gina web institucional y redes sociales de la ACT &#8211; Milagro.<\/p>\n<p>Los t\u00e9rminos de la convocatoria son los siguientes:<\/p>\n<p>I. &#8211; Identificaci\u00f3n f\u00edsica de los Establecimientos Comerciales a subastar. &#8211;<\/p>\n<p><img loading=\"lazy\" decoding=\"async\" class=\"alignnone size-full wp-image-2702\" src=\"https:\/\/www.act.gob.ec\/wp-content\/uploads\/2023\/10\/locales.jpg\" alt=\"\" width=\"1529\" height=\"398\" srcset=\"https:\/\/www.act.gob.ec\/wp-content\/uploads\/2023\/10\/locales.jpg 1529w, https:\/\/www.act.gob.ec\/wp-content\/uploads\/2023\/10\/locales-300x78.jpg 300w, https:\/\/www.act.gob.ec\/wp-content\/uploads\/2023\/10\/locales-1024x267.jpg 1024w, https:\/\/www.act.gob.ec\/wp-content\/uploads\/2023\/10\/locales-768x200.jpg 768w, https:\/\/www.act.gob.ec\/wp-content\/uploads\/2023\/10\/locales-1320x344.jpg 1320w, https:\/\/www.act.gob.ec\/wp-content\/uploads\/2023\/10\/locales-600x156.jpg 600w\" sizes=\"auto, (max-width: 1529px) 100vw, 1529px\" \/><\/p>\n<div id=\"accordions-2832\" class=\"accordions-2832 accordions\" data-accordions={&quot;lazyLoad&quot;:true,&quot;id&quot;:&quot;2832&quot;,&quot;event&quot;:&quot;click&quot;,&quot;collapsible&quot;:&quot;true&quot;,&quot;heightStyle&quot;:&quot;content&quot;,&quot;animateStyle&quot;:&quot;swing&quot;,&quot;animateDelay&quot;:1000,&quot;navigation&quot;:true,&quot;active&quot;:999,&quot;expandedOther&quot;:&quot;no&quot;}>\r\n                <div id=\"accordions-lazy-2832\" class=\"accordions-lazy\" accordionsId=\"2832\">\r\n                    <\/div>\r\n\r\n    <div class=\"items\"  style=\"display:none\" >\r\n    \r\n            <div post_id=\"2832\" itemcount=\"0\"  header_id=\"header-1711659129798\" id=\"header-1711659129798\" style=\"\" class=\"accordions-head head1711659129798 border-none\" toggle-text=\"\" main-text=\"Convocatoria a subasta\">\r\n                                    <span id=\"accordion-icons-1711659129798\" class=\"accordion-icons\">\r\n                        <span class=\"accordion-icon-active accordion-plus\"><i class=\"fas fa-chevron-up\"><\/i><\/span>\r\n                        <span class=\"accordion-icon-inactive accordion-minus\"><i class=\"fas fa-chevron-right\"><\/i><\/span>\r\n                    <\/span>\r\n                    <span id=\"header-text-1711659129798\" class=\"accordions-head-title\">Convocatoria a subasta<\/span>\r\n                            <\/div>\r\n            <div class=\"accordion-content content1711659129798 \">\r\n                <p><a href=\"https:\/\/www.act.gob.ec\/Locales2\/2DA_CONVOCATORIA_SUBASTA_DEL_TERMINAL_TERRESTRE_DE_MILAGRO.pdf\">Convocatoria<\/a><\/p>\n            <\/div>\r\n    <\/div>\r\n\r\n\r\n\r\n            <\/div>\n<p>La presentaci\u00f3n de la oferta, ser\u00e1 en la<strong> SECRETAR\u00cdA GENERAL <\/strong>de la<strong> EMOVIM EP<\/strong>, situada en la Terminal Terrestre de Milagro (Km 4 \u00bd v\u00eda Milagro \u2013 Virgen de F\u00e1tima).\u00a0 primer\u00a0piso, hasta las <strong>16h00 del martes, 30 de abril de 2024<\/strong>. <strong><u>La oferta solamente podr\u00e1 ser presentada en atenci\u00f3n al giro de<\/u> <u>negocio establecido para el local que se subasta<\/u><\/strong>. <strong><u>Se deber\u00e1 presentar una<\/u> <u>oferta individual por cada Establecimiento Comercial interesado.<\/u><\/strong><\/p>\n","protected":false},"excerpt":{"rendered":"<p>GOBIERNO AUT\u00d3NOMO DESCENTRALIZADO MUNICIPAL DE SAN FRANCISCO DE MILAGRO EMPRESA P\u00daBLICA MUNICIPAL DE MOVILIDAD, TR\u00c1NSITO Y TRANSPORTE TERRESTRE DE MILAGRO, EMOVIM &#8211; EP. BASES PARA SUBASTA DE LOCALES Nro. ACT MILAGRO-CV-002-2024 CONVOCATORIA El Comit\u00e9 de Subasta de la EMOVIM-EP, de conformidad con lo establecido en el Art. 43 de la ordenanza GADMM # 30-22, realiza&#8230; <\/p>\n","protected":false},"author":1,"featured_media":0,"parent":0,"menu_order":0,"comment_status":"closed","ping_status":"closed","template":"","meta":{"_joinchat":[],"footnotes":""},"class_list":["post-2831","page","type-page","status-publish","hentry"],"jetpack_sharing_enabled":true,"_links":{"self":[{"href":"https:\/\/www.act.gob.ec\/index.php\/wp-json\/wp\/v2\/pages\/2831","targetHints":{"allow":["GET"]}}],"collection":[{"href":"https:\/\/www.act.gob.ec\/index.php\/wp-json\/wp\/v2\/pages"}],"about":[{"href":"https:\/\/www.act.gob.ec\/index.php\/wp-json\/wp\/v2\/types\/page"}],"author":[{"embeddable":true,"href":"https:\/\/www.act.gob.ec\/index.php\/wp-json\/wp\/v2\/users\/1"}],"replies":[{"embeddable":true,"href":"https:\/\/www.act.gob.ec\/index.php\/wp-json\/wp\/v2\/comments?post=2831"}],"version-history":[{"count":1,"href":"https:\/\/www.act.gob.ec\/index.php\/wp-json\/wp\/v2\/pages\/2831\/revisions"}],"predecessor-version":[{"id":2833,"href":"https:\/\/www.act.gob.ec\/index.php\/wp-json\/wp\/v2\/pages\/2831\/revisions\/2833"}],"wp:attachment":[{"href":"https:\/\/www.act.gob.ec\/index.php\/wp-json\/wp\/v2\/media?parent=2831"}],"curies":[{"name":"wp","href":"https:\/\/api.w.org\/{rel}","templated":true}]}}