{"id":3157,"date":"2025-06-06T11:00:54","date_gmt":"2025-06-06T16:00:54","guid":{"rendered":"https:\/\/www.act.gob.ec\/?page_id=3157"},"modified":"2025-06-09T09:36:27","modified_gmt":"2025-06-09T14:36:27","slug":"requisitos-para-autorizacion-de-circulacion","status":"publish","type":"page","link":"https:\/\/www.act.gob.ec\/index.php\/requisitos-para-autorizacion-de-circulacion\/","title":{"rendered":"Requisitos para Autorizaci\u00f3n de Circulaci\u00f3n"},"content":{"rendered":"<div id=\"fb-root\"><\/div>\n<p>AUTORIZACI\u00d3N DE CIRCULACI\u00d3N EN V\u00cdAS INTRACANTONALES PARA TRANSPORTE COMERCIAL DE CARGA PESADA Y TRANSPORTE POR CUENTA PROPIA PESADOS &#8211; Ordenanza 038-2023 (P28) y Ordenanza 040-2023.<\/p>\n<ul>\n<li><a href=\"https:\/\/www.act.gob.ec\/Circulacion\/COMERCIAL_DE_CARGA_PESADA_Y_TRANSPORTE_POR_CUENTA_PROPIA_PESADOS.pdf\" target=\"_blank\" rel=\"noopener\">Requisitos<\/a><\/li>\n<\/ul>\n<p>REQUISITOS PARA AUTORIZACI\u00d3N DE CIRCULACI\u00d3N EN V\u00cdAS INTRACANTONALES PARA TRANSPORTE ESCOLAR INSTITUCIONAL BUSETAS, CARGA MIXTA, TRANSPORTE POR CUENTA PROPIA LIVIANOS Y ESCUELAS DE CONDUCCI\u00d3N LIVIANOS.<\/p>\n<ul>\n<li><a href=\"https:\/\/www.act.gob.ec\/Circulacion\/ESCOLAR_INSTITUCIONAL_BUSETAS-CARGA%20MIXTA-CUENTA_PROPIA_LIVIANOS-Y-ESCUELAS_DE_CONDUCCION_LIVIANOS.pdf\" target=\"_blank\" rel=\"noopener\">Requisitos<\/a><\/li>\n<\/ul>\n<p>REQUISITOS PARA AUTORIZACI\u00d3N DE CARGA Y DESCARGA LIVIANOS.<\/p>\n<ul>\n<li><a href=\"https:\/\/www.act.gob.ec\/Circulacion\/REQUISITOS_PARA_AUTORIZACION_DE_CARGA-Y-DESCARGA_LIVIANOS.pdf\" target=\"_blank\" rel=\"noopener\">Requisitos<\/a><\/li>\n<\/ul>\n<p>REQUISITOS PARA AUTORIZACI\u00d3N DE CARGA Y DESCARGA PESADOS.<\/p>\n<ul>\n<li><a href=\"https:\/\/www.act.gob.ec\/Circulacion\/REQUISITOS_PARA_AUTORIZACION_DE_CARGA_Y_DESCARGA_PESADOS.pdf\" target=\"_blank\" rel=\"noopener\">Requisitos<\/a><\/li>\n<\/ul>\n<p>REQUISITOS PARA AUTORIZACI\u00d3N DE CIRCULACI\u00d3N EN V\u00cdAS INTRACANTONALES PARA TRANSPORTE ESCOLAR INSTITUCIONAL BUSES, ESCUELAS DE CONDUCCI\u00d3N PESADO.<\/p>\n<ul>\n<li><a href=\"https:\/\/www.act.gob.ec\/Circulacion\/REQUISITOS_PARA_AUTORIZACION_DE_CIRCULACION_EN_VIAS_INTRACANTONALES.pdf\" target=\"_blank\" rel=\"noopener\">Requisitos<\/a><\/li>\n<\/ul>\n<p>REQUISITOS PARA AUTORIZACI\u00d3N DE ESTACIONAMIENTO LIVIANO.<\/p>\n<ul>\n<li><a href=\"https:\/\/www.act.gob.ec\/Circulacion\/REQUISITOS_PARA_AUTORIZACION_DE_ESTACIONAMIENTO_LIVIANO.pdf\" target=\"_blank\" rel=\"noopener\">Requisitos<\/a><\/li>\n<\/ul>\n<p>REQUISITOS PARA AUTORIZACI\u00d3N DE ESTACIONAMIENTO PESADO.<\/p>\n<ul>\n<li><a href=\"https:\/\/www.act.gob.ec\/Circulacion\/REQUISITOS_PARA_AUTORIZACION_DE_ESTACIONAMIENTO_PESADO.pdf\" target=\"_blank\" rel=\"noopener\">Requisitos<\/a><\/li>\n<\/ul>\n<p>REQUISITOS PARA AUTORIZACI\u00d3N DE PARADERO (Transporte Comercial).<\/p>\n<ul>\n<li><a href=\"https:\/\/www.act.gob.ec\/Circulacion\/REQUISITOS_PARA_AUTORIZACION_DE_PARADERO_(Transporte_Comercial).pdf\" target=\"_blank\" rel=\"noopener\">Requisitos<\/a><\/li>\n<\/ul>\n<p>REQUISITOS PARA AUTORIZACI\u00d3N DE SALVOCONDUCTO.<\/p>\n<ul>\n<li><a href=\"https:\/\/www.act.gob.ec\/Circulacion\/REQUISITOS_PARA_AUTORIZACION_DE_SALVOCONDUCTO.pdf\" target=\"_blank\" rel=\"noopener\">Requisitos<\/a><\/li>\n<\/ul>\n","protected":false},"excerpt":{"rendered":"<p>AUTORIZACI\u00d3N DE CIRCULACI\u00d3N EN V\u00cdAS INTRACANTONALES PARA TRANSPORTE COMERCIAL DE CARGA PESADA Y TRANSPORTE POR CUENTA PROPIA PESADOS &#8211; Ordenanza 038-2023 (P28) y Ordenanza 040-2023. Requisitos REQUISITOS PARA AUTORIZACI\u00d3N DE CIRCULACI\u00d3N EN V\u00cdAS INTRACANTONALES PARA TRANSPORTE ESCOLAR INSTITUCIONAL BUSETAS, CARGA MIXTA, TRANSPORTE POR CUENTA PROPIA LIVIANOS Y ESCUELAS DE CONDUCCI\u00d3N LIVIANOS. Requisitos REQUISITOS PARA AUTORIZACI\u00d3N&#8230; <\/p>\n","protected":false},"author":1,"featured_media":0,"parent":0,"menu_order":0,"comment_status":"closed","ping_status":"closed","template":"","meta":{"_joinchat":[],"footnotes":""},"class_list":["post-3157","page","type-page","status-publish","hentry"],"jetpack_sharing_enabled":true,"_links":{"self":[{"href":"https:\/\/www.act.gob.ec\/index.php\/wp-json\/wp\/v2\/pages\/3157","targetHints":{"allow":["GET"]}}],"collection":[{"href":"https:\/\/www.act.gob.ec\/index.php\/wp-json\/wp\/v2\/pages"}],"about":[{"href":"https:\/\/www.act.gob.ec\/index.php\/wp-json\/wp\/v2\/types\/page"}],"author":[{"embeddable":true,"href":"https:\/\/www.act.gob.ec\/index.php\/wp-json\/wp\/v2\/users\/1"}],"replies":[{"embeddable":true,"href":"https:\/\/www.act.gob.ec\/index.php\/wp-json\/wp\/v2\/comments?post=3157"}],"version-history":[{"count":3,"href":"https:\/\/www.act.gob.ec\/index.php\/wp-json\/wp\/v2\/pages\/3157\/revisions"}],"predecessor-version":[{"id":3162,"href":"https:\/\/www.act.gob.ec\/index.php\/wp-json\/wp\/v2\/pages\/3157\/revisions\/3162"}],"wp:attachment":[{"href":"https:\/\/www.act.gob.ec\/index.php\/wp-json\/wp\/v2\/media?parent=3157"}],"curies":[{"name":"wp","href":"https:\/\/api.w.org\/{rel}","templated":true}]}}