{"id":3179,"date":"2025-07-22T09:11:01","date_gmt":"2025-07-22T14:11:01","guid":{"rendered":"https:\/\/www.act.gob.ec\/?page_id=3179"},"modified":"2025-09-02T16:08:33","modified_gmt":"2025-09-02T21:08:33","slug":"rendicion-de-cuentas-2024","status":"publish","type":"page","link":"https:\/\/www.act.gob.ec\/index.php\/rendicion-de-cuentas-2024\/","title":{"rendered":"Rendici\u00f3n de Cuentas 2024"},"content":{"rendered":"<div id=\"fb-root\"><\/div>\n<p>Fase 1<\/p>\n<ul>\n<li><a href=\"https:\/\/www.act.gob.ec\/transparencia\/rc2024\/Designacion_Equipo_Tecnico_ACT-EP-GG-2025-0032-M.pdf\">Conformaci\u00f3n del equipo de Rendici\u00f3n de Cuentas.<\/a><\/li>\n<li>Documentos p\u00fablicos para el proceso de Rendici\u00f3n de Cuentas.\n<ul>\n<li><a href=\"https:\/\/www.act.gob.ec\/transparencia\/rc2024\/POA_2024.pdf\">POA Institucional.<\/a><\/li>\n<li><a href=\"https:\/\/www.act.gob.ec\/transparencia\/rc2024\/PLAN_MILAGRO_2040.pdf\">Plan de Desarrollo y Ordenamiento Institucional.<\/a><\/li>\n<li><a href=\"https:\/\/www.act.gob.ec\/transparencia\/rc2024\/PRESUPUESTO_INSTITUCIONAL_2024.pdf\">Presupuesto Institucional.<\/a><\/li>\n<li><a href=\"https:\/\/www.act.gob.ec\/transparencia\/rc2024\/Certificado_Cumplimiento_Tributario.pdf\">Certificado de Cumplimiento Tributario.<\/a><\/li>\n<li><a href=\"https:\/\/www.act.gob.ec\/transparencia\/rc2024\/CERTIFICADOS_DE_OBLIGACIONES_PATRONALES.pdf\">Certificado de obligaciones patronales.<\/a><\/li>\n<\/ul>\n<\/li>\n<li><a href=\"https:\/\/www.act.gob.ec\/transparencia\/rc2024\/ENVIO%20A%20LA%20CIUDADANIA%20SOBRE%20EL%20PROCESO%20DE%20RENDICION%20DE%20CUENTA.pdf\">Env\u00edo a la ciudadan\u00eda sobre el proceso de Rendici\u00f3n de Cuentas.<\/a><\/li>\n<li><a href=\"https:\/\/act.gob.ec\/transparencia\/rc2024\/FASE_1\/OFICIO_DE_PREGUNTAS_DE_LA_ASAMBLEA_CIUDADANA.pdf\">Temas solicitados por la Ciudadan\u00eda sobre el proceso de Rendici\u00f3n de Cuentas.<\/a><\/li>\n<\/ul>\n<p>Fase 2<\/p>\n<ul>\n<li><a href=\"https:\/\/act.gob.ec\/transparencia\/rc2024\/FASE_2\/acta_de_las_respuestas_contestadas.pdf\">Temas respondidos a la Ciudadan\u00eda.<\/a><\/li>\n<li><a href=\"https:\/\/act.gob.ec\/transparencia\/rc2024\/FASE_2\/Formulario_Preliminar_Rendicion_de_Cuentas_2024.pdf\">Llenado del Formulario del Informe de Rendici\u00f3n de Cuentas establecido por el CPCCS<\/a><\/li>\n<li><a href=\"https:\/\/act.gob.ec\/transparencia\/rc2024\/FASE_2\/Informe_Preliminar_de_Rendicion_de_cuentas.pdf\">Redacci\u00f3n del Informe de Rendici\u00f3n de Cuentas.<\/a><\/li>\n<li>Aprobaci\u00f3n del Informe de Rendici\u00f3n de Cuentas.<\/li>\n<\/ul>\n<p>Fase 3<\/p>\n<ul>\n<li><a href=\"https:\/\/www.facebook.com\/MILAGROACT\/videos\/1437742890893152\">Realizaci\u00f3n del evento de Rendici\u00f3n de Cuentas<\/a><\/li>\n<\/ul>\n<p>Fase 4<\/p>\n<ul>\n<li><a href=\"https:\/\/act.gob.ec\/transparencia\/rc2024\/FASE_4\/EMPRESA_PUBLICA_MUNICIPAL_DE_MOVILIDAD_TRANSITO_Y_TRANSPORTE_DE_MILAGRO_EMOVIM-EP-Informe_Anual_2024.pdf\">Entrega del informe de Rendici\u00f3n de Cuentas al CPCCS, a trav\u00e9s del ingreso del Informe en el sistema<\/a><\/li>\n<\/ul>\n","protected":false},"excerpt":{"rendered":"<p>Fase 1 Conformaci\u00f3n del equipo de Rendici\u00f3n de Cuentas. Documentos p\u00fablicos para el proceso de Rendici\u00f3n de Cuentas. POA Institucional. Plan de Desarrollo y Ordenamiento Institucional. Presupuesto Institucional. Certificado de Cumplimiento Tributario. Certificado de obligaciones patronales. Env\u00edo a la ciudadan\u00eda sobre el proceso de Rendici\u00f3n de Cuentas. Temas solicitados por la Ciudadan\u00eda sobre el proceso&#8230; <\/p>\n","protected":false},"author":1,"featured_media":0,"parent":0,"menu_order":0,"comment_status":"closed","ping_status":"closed","template":"","meta":{"_joinchat":[],"footnotes":""},"class_list":["post-3179","page","type-page","status-publish","hentry"],"jetpack_sharing_enabled":true,"_links":{"self":[{"href":"https:\/\/www.act.gob.ec\/index.php\/wp-json\/wp\/v2\/pages\/3179","targetHints":{"allow":["GET"]}}],"collection":[{"href":"https:\/\/www.act.gob.ec\/index.php\/wp-json\/wp\/v2\/pages"}],"about":[{"href":"https:\/\/www.act.gob.ec\/index.php\/wp-json\/wp\/v2\/types\/page"}],"author":[{"embeddable":true,"href":"https:\/\/www.act.gob.ec\/index.php\/wp-json\/wp\/v2\/users\/1"}],"replies":[{"embeddable":true,"href":"https:\/\/www.act.gob.ec\/index.php\/wp-json\/wp\/v2\/comments?post=3179"}],"version-history":[{"count":5,"href":"https:\/\/www.act.gob.ec\/index.php\/wp-json\/wp\/v2\/pages\/3179\/revisions"}],"predecessor-version":[{"id":3181,"href":"https:\/\/www.act.gob.ec\/index.php\/wp-json\/wp\/v2\/pages\/3179\/revisions\/3181"}],"wp:attachment":[{"href":"https:\/\/www.act.gob.ec\/index.php\/wp-json\/wp\/v2\/media?parent=3179"}],"curies":[{"name":"wp","href":"https:\/\/api.w.org\/{rel}","templated":true}]}}