{"id":3200,"date":"2025-10-14T14:30:17","date_gmt":"2025-10-14T19:30:17","guid":{"rendered":"https:\/\/www.act.gob.ec\/?page_id=3200"},"modified":"2025-10-14T14:30:17","modified_gmt":"2025-10-14T19:30:17","slug":"subasta-de-locales-no-act-milagro-cv-004-2025","status":"publish","type":"page","link":"https:\/\/www.act.gob.ec\/index.php\/subasta-de-locales-no-act-milagro-cv-004-2025\/","title":{"rendered":"SUBASTA DE LOCALES No. ACT MILAGRO-CV-004-2025"},"content":{"rendered":"<div id=\"fb-root\"><\/div>\n<p class=\"sign\" style=\"text-align: center;\"><span style=\"color: #000080; font-size: 18pt; font-family: 'arial black', sans-serif;\"><strong>GOBIERNO AUT\u00d3NOMO DESCENTRALIZADO MUNICIPAL DE SAN FRANCISCO DE MILAGRO<\/strong><\/span><\/p>\n<p class=\"sign\" style=\"text-align: center;\"><span style=\"color: #000080; font-size: 18pt; font-family: 'arial black', sans-serif;\"><strong>EMPRESA P\u00daBLICA MUNICIPAL DE MOVILIDAD, TR\u00c1NSITO Y TRANSPORTE TERRESTRE DE MILAGRO, EMOVIM &#8211; EP.<\/strong><\/span><\/p>\n<p class=\"sign\" style=\"text-align: center;\"><span style=\"color: #000080; font-size: 18pt; font-family: 'arial black', sans-serif;\"><strong>BASES PARA SUBASTA DE LOCALES No. ACT MILAGRO-CV-004-2025<\/strong><\/span><\/p>\n<p><img loading=\"lazy\" decoding=\"async\" class=\"alignnone size-full wp-image-2713\" src=\"https:\/\/www.act.gob.ec\/wp-content\/uploads\/2023\/10\/WhatsApp-Image-2023-10-18-at-1.06.01-PM.jpeg\" alt=\"\" width=\"1600\" height=\"669\" srcset=\"https:\/\/www.act.gob.ec\/wp-content\/uploads\/2023\/10\/WhatsApp-Image-2023-10-18-at-1.06.01-PM.jpeg 1600w, https:\/\/www.act.gob.ec\/wp-content\/uploads\/2023\/10\/WhatsApp-Image-2023-10-18-at-1.06.01-PM-300x125.jpeg 300w, https:\/\/www.act.gob.ec\/wp-content\/uploads\/2023\/10\/WhatsApp-Image-2023-10-18-at-1.06.01-PM-1024x428.jpeg 1024w, https:\/\/www.act.gob.ec\/wp-content\/uploads\/2023\/10\/WhatsApp-Image-2023-10-18-at-1.06.01-PM-768x321.jpeg 768w, https:\/\/www.act.gob.ec\/wp-content\/uploads\/2023\/10\/WhatsApp-Image-2023-10-18-at-1.06.01-PM-1536x642.jpeg 1536w, https:\/\/www.act.gob.ec\/wp-content\/uploads\/2023\/10\/WhatsApp-Image-2023-10-18-at-1.06.01-PM-1320x552.jpeg 1320w, https:\/\/www.act.gob.ec\/wp-content\/uploads\/2023\/10\/WhatsApp-Image-2023-10-18-at-1.06.01-PM-600x251.jpeg 600w\" sizes=\"auto, (max-width: 1600px) 100vw, 1600px\" \/><\/p>\n<p class=\"sign\" style=\"text-align: center;\"><span style=\"font-family: 'arial black', sans-serif;\"><strong><span style=\"font-size: 14pt;\">CONVOCATORIA<\/span><\/strong><\/span><\/p>\n<p style=\"text-align: justify;\">El Comit\u00e9 de Subasta de la EMOVIM-EP, de conformidad con lo establecido en el Art. 43 de la ordenanza GADMM # 30-22, realiza la convocatoria a todas las personas naturales y jur\u00eddicas, interesadas en la explotaci\u00f3n de los Locales Comerciales de la Nueva Terminal Terrestre y el Centro de Negocios del Cant\u00f3n San Francisco de Milagro, cuyas bases para la subasta se encuentran a disposici\u00f3n de los interesados, en la p\u00e1gina web institucional y redes sociales de la ACT &#8211; Milagro.<\/p>\n<p>Los t\u00e9rminos de la convocatoria son los siguientes:<\/p>\n<p>I. &#8211; Identificaci\u00f3n f\u00edsica de los Establecimientos Comerciales a subastar. &#8211;<\/p>\n<p><img loading=\"lazy\" decoding=\"async\" class=\"alignnone size-full wp-image-3169\" src=\"https:\/\/www.act.gob.ec\/wp-content\/uploads\/2025\/06\/Captura-de-pantalla-2025-06-23-094319.png\" alt=\"\" width=\"787\" height=\"528\" srcset=\"https:\/\/www.act.gob.ec\/wp-content\/uploads\/2025\/06\/Captura-de-pantalla-2025-06-23-094319.png 787w, https:\/\/www.act.gob.ec\/wp-content\/uploads\/2025\/06\/Captura-de-pantalla-2025-06-23-094319-300x201.png 300w, https:\/\/www.act.gob.ec\/wp-content\/uploads\/2025\/06\/Captura-de-pantalla-2025-06-23-094319-768x515.png 768w, https:\/\/www.act.gob.ec\/wp-content\/uploads\/2025\/06\/Captura-de-pantalla-2025-06-23-094319-600x403.png 600w\" sizes=\"auto, (max-width: 787px) 100vw, 787px\" \/><\/p>\n<div id=\"accordions-3164\" class=\"accordions-3164 accordions\" data-accordions={&quot;lazyLoad&quot;:true,&quot;id&quot;:&quot;3164&quot;,&quot;event&quot;:&quot;click&quot;,&quot;collapsible&quot;:&quot;true&quot;,&quot;heightStyle&quot;:&quot;content&quot;,&quot;animateStyle&quot;:&quot;swing&quot;,&quot;animateDelay&quot;:1000,&quot;navigation&quot;:true,&quot;active&quot;:999,&quot;expandedOther&quot;:&quot;no&quot;}>\r\n                <div id=\"accordions-lazy-3164\" class=\"accordions-lazy\" accordionsId=\"3164\">\r\n                    <\/div>\r\n\r\n    <div class=\"items\"  style=\"display:none\" >\r\n    \r\n            <div post_id=\"3164\" itemcount=\"0\"  header_id=\"header-1711659129798\" id=\"header-1711659129798\" style=\"\" class=\"accordions-head head1711659129798 border-none\" toggle-text=\"\" main-text=\"Convocatoria a subasta\">\r\n                                    <span id=\"accordion-icons-1711659129798\" class=\"accordion-icons\">\r\n                        <span class=\"accordion-icon-active accordion-plus\"><i class=\"fas fa-chevron-up\"><\/i><\/span>\r\n                        <span class=\"accordion-icon-inactive accordion-minus\"><i class=\"fas fa-chevron-right\"><\/i><\/span>\r\n                    <\/span>\r\n                    <span id=\"header-text-1711659129798\" class=\"accordions-head-title\">Convocatoria a subasta<\/span>\r\n                            <\/div>\r\n            <div class=\"accordion-content content1711659129798 \">\r\n                <p><a href=\"https:\/\/www.act.gob.ec\/Locales4\/convocatoria_de_subasta_de_locales_nro.004-_2025.pdf\">Convocatoria<\/a><\/p>\n            <\/div>\r\n    <\/div>\r\n\r\n\r\n\r\n            <\/div>\n<p style=\"text-align: justify;\">La convocatoria ser\u00e1 publicada en la sede electr\u00f3nica de la Empresa P\u00fablica Municipal de Movilidad, Tr\u00e1nsito y Transporte de Milagro \u2013 EMOVIM EP y en las redes sociales de la misma el Lunes 06 de Octubre de 2025 a las 10h00.<\/p>\n<p style=\"text-align: justify;\">Los interesados podr\u00e1n efectuar por escrito consultas y solicitar aclaraciones a la Administradora hasta el d\u00eda Viernes 10 de Octubre de 2025 a las 14h00, las mismas que se receptar\u00e1n en el correo: comercial@act.gob.ec hasta la misma fecha y hora se absolver\u00e1n consultas que se realicen de forma presencial en las oficinas de la ACT Milagro ubicada en la Terminal Terrestre de Milagro (Km 4 \u00bd v\u00eda Milagro \u2013 Virgen de F\u00e1tima).<\/p>\n<p style=\"text-align: justify;\">La presentaci\u00f3n de la oferta, ser\u00e1 en la EMOVIM EP, situada en la Terminal Terrestre de Milagro (Km 4 \u00bd v\u00eda Milagro \u2013 Virgen de F\u00e1tima) hasta las 17h00 del martes, 21 de Octubre de 2025. La oferta solamente podr\u00e1 ser presentada en atenci\u00f3n al giro de negocio establecido para el local que se subasta. Se deber\u00e1 presentar una oferta individual por cada Establecimiento<\/p>\n","protected":false},"excerpt":{"rendered":"<p>GOBIERNO AUT\u00d3NOMO DESCENTRALIZADO MUNICIPAL DE SAN FRANCISCO DE MILAGRO EMPRESA P\u00daBLICA MUNICIPAL DE MOVILIDAD, TR\u00c1NSITO Y TRANSPORTE TERRESTRE DE MILAGRO, EMOVIM &#8211; EP. BASES PARA SUBASTA DE LOCALES No. ACT MILAGRO-CV-004-2025 CONVOCATORIA El Comit\u00e9 de Subasta de la EMOVIM-EP, de conformidad con lo establecido en el Art. 43 de la ordenanza GADMM # 30-22, realiza&#8230; <\/p>\n","protected":false},"author":1,"featured_media":0,"parent":0,"menu_order":0,"comment_status":"closed","ping_status":"closed","template":"","meta":{"_joinchat":[],"footnotes":""},"class_list":["post-3200","page","type-page","status-publish","hentry"],"jetpack_sharing_enabled":true,"_links":{"self":[{"href":"https:\/\/www.act.gob.ec\/index.php\/wp-json\/wp\/v2\/pages\/3200","targetHints":{"allow":["GET"]}}],"collection":[{"href":"https:\/\/www.act.gob.ec\/index.php\/wp-json\/wp\/v2\/pages"}],"about":[{"href":"https:\/\/www.act.gob.ec\/index.php\/wp-json\/wp\/v2\/types\/page"}],"author":[{"embeddable":true,"href":"https:\/\/www.act.gob.ec\/index.php\/wp-json\/wp\/v2\/users\/1"}],"replies":[{"embeddable":true,"href":"https:\/\/www.act.gob.ec\/index.php\/wp-json\/wp\/v2\/comments?post=3200"}],"version-history":[{"count":1,"href":"https:\/\/www.act.gob.ec\/index.php\/wp-json\/wp\/v2\/pages\/3200\/revisions"}],"predecessor-version":[{"id":3202,"href":"https:\/\/www.act.gob.ec\/index.php\/wp-json\/wp\/v2\/pages\/3200\/revisions\/3202"}],"wp:attachment":[{"href":"https:\/\/www.act.gob.ec\/index.php\/wp-json\/wp\/v2\/media?parent=3200"}],"curies":[{"name":"wp","href":"https:\/\/api.w.org\/{rel}","templated":true}]}}