{"id":55,"date":"2016-12-21T16:24:36","date_gmt":"2016-12-21T16:24:36","guid":{"rendered":"http:\/\/test.emovim-ep.gob.ec\/?page_id=55"},"modified":"2023-08-14T12:10:36","modified_gmt":"2023-08-14T17:10:36","slug":"formularios","status":"publish","type":"page","link":"https:\/\/www.act.gob.ec\/index.php\/formularios\/","title":{"rendered":"FORMULARIOS"},"content":{"rendered":"<div id=\"fb-root\"><\/div>\n<p>&nbsp;<\/p>\n<p>&nbsp;<\/p>\n<div class=\"su-list\" style=\"margin-left:0px\">\n<ul>\n<li><i class=\"sui sui-star\" style=\"color:#333\"><\/i> DESHABILITACI\u00d3N DE VEH\u00cdCULOS<br \/>\n<a href=\"https:\/\/www.act.gob.ec\/titulos_habilitantes\/2023\/008-TH-DESHABILITACION-DE-VEHICULO_2023.xlsx\" target=\"_blank\" rel=\"noopener noreferrer\">VER FORMULARIO<\/a><\/li>\n<\/ul>\n<p>&nbsp;<\/p>\n<ul>\n<li><i class=\"sui sui-star\" style=\"color:#333\"><\/i> HABILITACI\u00d3N DE VEH\u00cdCULOS<br \/>\n<a href=\"https:\/\/www.act.gob.ec\/titulos_habilitantes\/2023\/009-TH-HABILITACION-DE-VEHICULO_2023.xlsx\" target=\"_blank\" rel=\"noopener noreferrer\">VER FORMULARIO<\/a><\/li>\n<\/ul>\n<p>&nbsp;<\/p>\n<ul>\n<li><i class=\"sui sui-star\" style=\"color:#333\"><\/i> INCREMENTO DE CUPO<br \/>\n<a href=\"https:\/\/www.act.gob.ec\/titulos_habilitantes\/2023\/010-TH-INCREMENTO-DE-CUPO-2023.xlsx\" target=\"_blank\" rel=\"noopener noreferrer\">VER FORMULARIO<\/a><\/li>\n<\/ul>\n<p>&nbsp;<\/p>\n<ul>\n<li><i class=\"sui sui-star\" style=\"color:#333\"><\/i> CAMBIO DE SOCIO<br \/>\n<a href=\"https:\/\/www.act.gob.ec\/titulos_habilitantes\/2023\/001-TH-CAMBIO-DE-SOCIO_2023.xlsx\" target=\"_blank\" rel=\"noopener noreferrer\">VER FORMULARIO<\/a><\/li>\n<\/ul>\n<p>&nbsp;<\/p>\n<ul>\n<li><i class=\"sui sui-star\" style=\"color:#333\"><\/i> CONCESI\u00d3N DE PERMISOS<br \/>\n<a href=\"https:\/\/www.act.gob.ec\/titulos_habilitantes\/2023\/005-TH-CONCESION-DE-PERMISO-DE-OPERACION_2023.xlsx\" target=\"_blank\" rel=\"noopener noreferrer\">VER FORMULARIO<\/a><\/li>\n<\/ul>\n<p>&nbsp;<\/p>\n<ul>\n<li><i class=\"sui sui-star\" style=\"color:#333\"><\/i> CONTRATO DE OPERACIONES<br \/>\n<a href=\"https:\/\/www.act.gob.ec\/titulos_habilitantes\/2023\/006-TH-CONCESION-DE-CONTRATO-DE-OPERACION_2023.xlsx\" target=\"_blank\" rel=\"noopener noreferrer\">VER FORMULARIO<\/a><\/li>\n<\/ul>\n<p>&nbsp;<\/p>\n<ul>\n<li><i class=\"sui sui-star\" style=\"color:#333\"><\/i> CAMBIO DE VEH\u00cdCULO<br \/>\n<a href=\"https:\/\/www.act.gob.ec\/titulos_habilitantes\/2023\/004-TH-CAMBIO-DE-VEHICULO_2023.xlsx\" target=\"_blank\" rel=\"noopener noreferrer\">VER FORMULARIO<\/a><\/li>\n<\/ul>\n<p>&nbsp;<\/p>\n<ul>\n<li><i class=\"sui sui-star\" style=\"color:#333\"><\/i> CAMBIO DE SOCIO &#8211; HABILITACI\u00d3N DE VEH\u00cdCULO<br \/>\n<a href=\"https:\/\/www.act.gob.ec\/titulos_habilitantes\/2023\/002-TH-CAMBIO-DE-SOCIO-HABILITACION-DE-VEHICULO_2023.xlsx\" target=\"_blank\" rel=\"noopener noreferrer\">VER FORMULARIO<\/a><\/li>\n<\/ul>\n<p>&nbsp;<\/p>\n<ul>\n<li><i class=\"sui sui-star\" style=\"color:#333\"><\/i> CAMBIO DE SOCIO Y VEH\u00cdCULO<br \/>\n<a href=\"https:\/\/www.act.gob.ec\/titulos_habilitantes\/2023\/003-TH-CAMBIO-DE-SOCIO-Y-CAMBIO-DE-VEHICULO_2023.xlsx\" target=\"_blank\" rel=\"noopener\">VER FORMULARIO<\/a><\/li>\n<\/ul>\n<p>&nbsp;<\/p>\n<ul>\n<li><i class=\"sui sui-star\" style=\"color:#333\"><\/i> SOLICITUD DEL INFORME DE FACTIBILIDAD PREVIO A LA CONSTITUCI\u00d3N JUR\u00cdDICA<br \/>\n<a href=\"https:\/\/www.act.gob.ec\/titulos_habilitantes\/2023\/007-TH-SOLICITUD-DE-INFORME-PREVIO-A-LA-CONSTITUCI%C3%93N-JURIDICA_2023.xlsx\" target=\"_blank\" rel=\"noopener\">VER FORMULARIO<\/a><\/li>\n<\/ul>\n<p>&nbsp;<\/p>\n<ul>\n<li><i class=\"sui sui-star\" style=\"color:#333\"><\/i> RENOVACI\u00d3N DE ESTATUTOS<br \/>\n<a href=\"https:\/\/www.act.gob.ec\/titulos_habilitantes\/2023\/011-TH-INFORME-REFORMA-DE-ESTATUTOS-2023.xlsx\" target=\"_blank\" rel=\"noopener\">VER FORMULARIO<\/a><\/li>\n<\/ul>\n<p>&nbsp;<\/p>\n<ul>\n<li><i class=\"sui sui-star\" style=\"color:#333\"><\/i> RENOVACI\u00d3N DE PERMISO DE OPERACI\u00d3N &#8211; CONTRATO DE OPERACI\u00d3N<br \/>\n<a href=\"https:\/\/www.act.gob.ec\/titulos_habilitantes\/2023\/012-TH-RENOVACION-DEL-PO-CO-2023.xlsx\" target=\"_blank\" rel=\"noopener\">VER FORMULARIO<\/a><\/li>\n<\/ul>\n<p>&nbsp;<\/p>\n<\/div>\n","protected":false},"excerpt":{"rendered":"<p>&nbsp; &nbsp;<\/p>\n","protected":false},"author":1,"featured_media":0,"parent":0,"menu_order":0,"comment_status":"closed","ping_status":"closed","template":"","meta":{"_joinchat":[],"footnotes":""},"class_list":["post-55","page","type-page","status-publish","hentry"],"jetpack_sharing_enabled":true,"_links":{"self":[{"href":"https:\/\/www.act.gob.ec\/index.php\/wp-json\/wp\/v2\/pages\/55","targetHints":{"allow":["GET"]}}],"collection":[{"href":"https:\/\/www.act.gob.ec\/index.php\/wp-json\/wp\/v2\/pages"}],"about":[{"href":"https:\/\/www.act.gob.ec\/index.php\/wp-json\/wp\/v2\/types\/page"}],"author":[{"embeddable":true,"href":"https:\/\/www.act.gob.ec\/index.php\/wp-json\/wp\/v2\/users\/1"}],"replies":[{"embeddable":true,"href":"https:\/\/www.act.gob.ec\/index.php\/wp-json\/wp\/v2\/comments?post=55"}],"version-history":[{"count":45,"href":"https:\/\/www.act.gob.ec\/index.php\/wp-json\/wp\/v2\/pages\/55\/revisions"}],"predecessor-version":[{"id":2590,"href":"https:\/\/www.act.gob.ec\/index.php\/wp-json\/wp\/v2\/pages\/55\/revisions\/2590"}],"wp:attachment":[{"href":"https:\/\/www.act.gob.ec\/index.php\/wp-json\/wp\/v2\/media?parent=55"}],"curies":[{"name":"wp","href":"https:\/\/api.w.org\/{rel}","templated":true}]}}