{"id":61,"date":"2016-12-21T17:28:00","date_gmt":"2016-12-21T17:28:00","guid":{"rendered":"http:\/\/test.emovim-ep.gob.ec\/?page_id=61"},"modified":"2021-06-14T22:10:03","modified_gmt":"2021-06-14T22:10:03","slug":"nosotros","status":"publish","type":"page","link":"https:\/\/www.act.gob.ec\/index.php\/nosotros\/","title":{"rendered":""},"content":{"rendered":"<div id=\"fb-root\"><\/div>\n<h1><strong>MISI\u00d3N<\/strong><\/h1>\n<p class=\"su-spoiler-content su-clearfix\" style=\"text-align: justify;\">Organizar, administrar, regular, controlar y ejecutar las pol\u00edticas que mejoran las condiciones de movilidad, de manera sostenible y equitativa; estudiando las necesidades de desplazamiento de las personas y bienes, buscando aportar soluciones convenientes desde el punto de vista social, t\u00e9cnico, ambiental, econ\u00f3mico y financiero.<\/p>\n<h1><strong>VISI\u00d3N<\/strong><\/h1>\n<p style=\"text-align: justify;\">Lograr una efectiva prestaci\u00f3n de servicios orientados a mejorar la movilidad, a trav\u00e9s de pol\u00edticas, programas, planes y proyectos que propenden la eficiencia del transporte, garanticen la sostenibilidad del medio ambiente y el buen vivir; usando recursos humanos altamente calificados y orientados al mejoramiento y ampliaci\u00f3n de los servicios p\u00fablicos e implantar a la ciudadan\u00eda una cultura de movilidad y seguridad vial, mejorando as\u00ed su calidad de vida.<\/p>\n","protected":false},"excerpt":{"rendered":"<p>MISI\u00d3N Organizar, administrar, regular, controlar y ejecutar las pol\u00edticas que mejoran las condiciones de movilidad, de manera sostenible y equitativa; estudiando las necesidades de desplazamiento de las personas y bienes, buscando aportar soluciones convenientes desde el punto de vista social, t\u00e9cnico, ambiental, econ\u00f3mico y financiero. VISI\u00d3N Lograr una efectiva prestaci\u00f3n de servicios orientados a mejorar&#8230; <\/p>\n","protected":false},"author":1,"featured_media":0,"parent":0,"menu_order":0,"comment_status":"closed","ping_status":"closed","template":"no-sidebar.php","meta":{"_joinchat":[],"footnotes":""},"class_list":["post-61","page","type-page","status-publish","hentry"],"jetpack_sharing_enabled":true,"_links":{"self":[{"href":"https:\/\/www.act.gob.ec\/index.php\/wp-json\/wp\/v2\/pages\/61","targetHints":{"allow":["GET"]}}],"collection":[{"href":"https:\/\/www.act.gob.ec\/index.php\/wp-json\/wp\/v2\/pages"}],"about":[{"href":"https:\/\/www.act.gob.ec\/index.php\/wp-json\/wp\/v2\/types\/page"}],"author":[{"embeddable":true,"href":"https:\/\/www.act.gob.ec\/index.php\/wp-json\/wp\/v2\/users\/1"}],"replies":[{"embeddable":true,"href":"https:\/\/www.act.gob.ec\/index.php\/wp-json\/wp\/v2\/comments?post=61"}],"version-history":[{"count":38,"href":"https:\/\/www.act.gob.ec\/index.php\/wp-json\/wp\/v2\/pages\/61\/revisions"}],"predecessor-version":[{"id":2050,"href":"https:\/\/www.act.gob.ec\/index.php\/wp-json\/wp\/v2\/pages\/61\/revisions\/2050"}],"wp:attachment":[{"href":"https:\/\/www.act.gob.ec\/index.php\/wp-json\/wp\/v2\/media?parent=61"}],"curies":[{"name":"wp","href":"https:\/\/api.w.org\/{rel}","templated":true}]}}